{"id":14778,"date":"2015-06-29T23:01:13","date_gmt":"2015-06-29T20:01:13","guid":{"rendered":"https:\/\/mermersa.com\/?page_id=14778"},"modified":"2025-06-11T23:58:23","modified_gmt":"2025-06-11T20:58:23","slug":"blog","status":"publish","type":"page","link":"https:\/\/mermersa.com\/en\/blog\/","title":{"rendered":"BLOG"},"content":{"rendered":"<div class=\"fusion-fullwidth fullwidth-box fusion-builder-row-1 fusion-flex-container hundred-percent-fullwidth non-hundred-percent-height-scrolling\" style=\"--awb-border-radius-top-left:0px;--awb-border-radius-top-right:0px;--awb-border-radius-bottom-right:0px;--awb-border-radius-bottom-left:0px;--awb-overflow:visible;--awb-flex-wrap:wrap;\" ><div class=\"fusion-builder-row fusion-row fusion-flex-align-items-flex-start fusion-flex-content-wrap\" style=\"width:104% !important;max-width:104% !important;margin-left: calc(-4% \/ 2 );margin-right: calc(-4% \/ 2 );\"><div class=\"fusion-layout-column fusion_builder_column fusion-builder-column-0 fusion_builder_column_1_1 1_1 fusion-flex-column fusion-flex-align-self-flex-start fusion-column-no-min-height\" style=\"--awb-bg-size:cover;--awb-width-large:100%;--awb-margin-top-large:0px;--awb-spacing-right-large:1.92%;--awb-margin-bottom-large:0px;--awb-spacing-left-large:1.92%;--awb-width-medium:100%;--awb-spacing-right-medium:1.92%;--awb-spacing-left-medium:1.92%;--awb-width-small:100%;--awb-spacing-right-small:1.92%;--awb-spacing-left-small:1.92%;\"><div class=\"fusion-column-wrapper fusion-flex-justify-content-flex-start fusion-content-layout-column\"><div class=\"fusion-blog-shortcode fusion-blog-shortcode-1 fusion-blog-archive fusion-blog-layout-medium fusion-blog-pagination\"><div class=\"fusion-posts-container fusion-posts-container-pagination\" data-pages=\"11\"><article id=\"blog-1-post-13783\" class=\"fusion-post-medium post-13783 post type-post status-publish format-standard has-post-thumbnail hentry\">\n\t<style type=\"text\/css\">\n\t\t\n\t\t\n\t\t\n\t\t\n\t\t\t<\/style>\n\n\n\t\t\t<div class=\"fusion-flexslider flexslider fusion-flexslider-loading fusion-post-slideshow\" style=\"\">\n\t\t<ul class=\"slides\">\n\t\t\t\n\t\t\t\t\t\t\t\t\t\t\t\t\t\t<li><div  class=\"fusion-image-wrapper fusion-image-size-fixed\" aria-haspopup=\"true\">\n\t\t\t\t\t\t\t<a href=\"https:\/\/mermersa.com\/en\/depth-of-black-marble\/\" aria-label=\"Add Depth and Elegance to Your Spaces with Black Marble\">\n\t\t\t\t\t\t\t<img decoding=\"async\" width=\"320\" height=\"202\" src=\"https:\/\/mermersa.com\/wp-content\/uploads\/2025\/05\/siyah-mermer-banyo-tasarim-320x202.webp\" class=\"attachment-blog-medium size-blog-medium lazyload wp-post-image\" alt=\"\" srcset=\"data:image\/svg+xml,%3Csvg%20xmlns%3D%27http%3A%2F%2Fwww.w3.org%2F2000%2Fsvg%27%20width%3D%27960%27%20height%3D%27960%27%20viewBox%3D%270%200%20960%20960%27%3E%3Crect%20width%3D%27960%27%20height%3D%27960%27%20fill-opacity%3D%220%22%2F%3E%3C%2Fsvg%3E\" data-orig-src=\"https:\/\/mermersa.com\/wp-content\/uploads\/2025\/05\/siyah-mermer-banyo-tasarim-320x202.webp\" data-srcset=\"https:\/\/mermersa.com\/wp-content\/uploads\/2025\/05\/siyah-mermer-banyo-tasarim-320x202.webp 320w, https:\/\/mermersa.com\/wp-content\/uploads\/2025\/05\/siyah-mermer-banyo-tasarim-700x441.webp 700w\" data-sizes=\"auto\" title=\"\" data-orig->\t\t\t<\/a>\n\t\t\t\t\t\t\t<\/div>\n<\/li>\n\t\t\t\n\t\t\t\n\t\t\t\t\t\t\t\t\t\t\t\t\t\t\t\t\t\t\t\t\t\t\t\t\t\t\t\t\t\t\t\t\t\t\t\t\t\t\t\t\t\t\t\t\t\t\t\t\t\t\t\t\t\t\t\t\t\t\t\t\t\t\t\t\t\t\t\t<\/ul>\n\t<\/div>\n\t<div class=\"fusion-post-content post-content\"><h2 class=\"blog-shortcode-post-title entry-title\"><a href=\"https:\/\/mermersa.com\/en\/depth-of-black-marble\/\">Add Depth and Elegance to Your Spaces with Black Marble<\/a><\/h2><div class=\"fusion-post-content-container\"><p>Marble, which has a unique appearance among natural stones, continues to attract attention in every era with its combination of aesthetics and durability. Among the marble varieties that appeal to every taste with their different[...]<\/p><\/div><\/div><div class=\"fusion-clearfix\"><\/div><div class=\"fusion-meta-info\"><div class=\"fusion-alignleft\">By <span class=\"vcard\"><span class=\"fn\"><a href=\"https:\/\/mermersa.com\/en\/author\/madmin\/\" title=\"Posts by Mermersa Mermer\" rel=\"author\">Mermersa Mermer<\/a><\/span><\/span><span class=\"fusion-inline-sep\">|<\/span><span class=\"updated\" style=\"display:none;\">2025-06-02T10:03:38+03:00<\/span><span>22 May 2025<\/span><span class=\"fusion-inline-sep\">|<\/span>Categories: Uncategorized<span class=\"fusion-inline-sep\">|<\/span><\/div><div class=\"fusion-alignright\"><a class=\"fusion-read-more\" href=\"https:\/\/mermersa.com\/en\/depth-of-black-marble\/\" aria-label=\"More on Add Depth and Elegance to Your Spaces with Black Marble\">Read More<\/a><\/div><\/div><\/article>\n<article id=\"blog-1-post-13791\" class=\"fusion-post-medium post-13791 post type-post status-publish format-standard has-post-thumbnail hentry\">\n\t<style type=\"text\/css\">\n\t\t\n\t\t\n\t\t\n\t\t\n\t\t\t<\/style>\n\n\n\t\t\t<div class=\"fusion-flexslider flexslider fusion-flexslider-loading fusion-post-slideshow\" style=\"\">\n\t\t<ul class=\"slides\">\n\t\t\t\n\t\t\t\t\t\t\t\t\t\t\t\t\t\t<li><div  class=\"fusion-image-wrapper fusion-image-size-fixed\" aria-haspopup=\"true\">\n\t\t\t\t\t\t\t<a href=\"https:\/\/mermersa.com\/en\/a-must-have-for-luxury-spaces-the-most-popular-marble-colors\/\" aria-label=\"A Must-Have for Luxury Spaces: The Most Popular Marble Colors\">\n\t\t\t\t\t\t\t<img decoding=\"async\" width=\"320\" height=\"202\" src=\"https:\/\/mermersa.com\/wp-content\/uploads\/2025\/03\/mermer-tv-unitesi-320x202.webp\" class=\"attachment-blog-medium size-blog-medium lazyload wp-post-image\" alt=\"Mermer kapl\u0131 TV \u00fcnitesi ve modern \u015f\u00f6mine tasar\u0131m\u0131\" srcset=\"data:image\/svg+xml,%3Csvg%20xmlns%3D%27http%3A%2F%2Fwww.w3.org%2F2000%2Fsvg%27%20width%3D%27736%27%20height%3D%27896%27%20viewBox%3D%270%200%20736%20896%27%3E%3Crect%20width%3D%27736%27%20height%3D%27896%27%20fill-opacity%3D%220%22%2F%3E%3C%2Fsvg%3E\" data-orig-src=\"https:\/\/mermersa.com\/wp-content\/uploads\/2025\/03\/mermer-tv-unitesi-320x202.webp\" data-srcset=\"https:\/\/mermersa.com\/wp-content\/uploads\/2025\/03\/mermer-tv-unitesi-320x202.webp 320w, https:\/\/mermersa.com\/wp-content\/uploads\/2025\/03\/mermer-tv-unitesi-700x441.webp 700w\" data-sizes=\"auto\" title=\"\" data-orig->\t\t\t<\/a>\n\t\t\t\t\t\t\t<\/div>\n<\/li>\n\t\t\t\n\t\t\t\n\t\t\t\t\t\t\t\t\t\t\t\t\t\t\t\t\t\t\t\t\t\t\t\t\t\t\t\t\t\t\t\t\t\t\t\t\t\t\t\t\t\t\t\t\t\t\t\t\t\t\t\t\t\t\t\t\t\t\t\t\t\t\t\t\t\t\t\t<\/ul>\n\t<\/div>\n\t<div class=\"fusion-post-content post-content\"><h2 class=\"blog-shortcode-post-title entry-title\"><a href=\"https:\/\/mermersa.com\/en\/a-must-have-for-luxury-spaces-the-most-popular-marble-colors\/\">A Must-Have for Luxury Spaces: The Most Popular Marble Colors<\/a><\/h2><div class=\"fusion-post-content-container\"><p>In a modern kitchen or a classic bathroom... On large floors or wall panels... Wherever it appears, marble effortlessly adds luxury to the environment, often eliminating the need for decoration. One of the most important[...]<\/p><\/div><\/div><div class=\"fusion-clearfix\"><\/div><div class=\"fusion-meta-info\"><div class=\"fusion-alignleft\">By <span class=\"vcard\"><span class=\"fn\"><a href=\"https:\/\/mermersa.com\/en\/author\/madmin\/\" title=\"Posts by Mermersa Mermer\" rel=\"author\">Mermersa Mermer<\/a><\/span><\/span><span class=\"fusion-inline-sep\">|<\/span><span class=\"updated\" style=\"display:none;\">2025-06-02T10:17:49+03:00<\/span><span>20 May 2025<\/span><span class=\"fusion-inline-sep\">|<\/span>Categories: Uncategorized<span class=\"fusion-inline-sep\">|<\/span><\/div><div class=\"fusion-alignright\"><a class=\"fusion-read-more\" href=\"https:\/\/mermersa.com\/en\/a-must-have-for-luxury-spaces-the-most-popular-marble-colors\/\" aria-label=\"More on A Must-Have for Luxury Spaces: The Most Popular Marble Colors\">Read More<\/a><\/div><\/div><\/article>\n<article id=\"blog-1-post-13877\" class=\"fusion-post-medium post-13877 post type-post status-publish format-standard has-post-thumbnail hentry\">\n\t<style type=\"text\/css\">\n\t\t\n\t\t\n\t\t\n\t\t\n\t\t\t<\/style>\n\n\n\t\t\t<div class=\"fusion-flexslider flexslider fusion-flexslider-loading fusion-post-slideshow\" style=\"\">\n\t\t<ul class=\"slides\">\n\t\t\t\n\t\t\t\t\t\t\t\t\t\t\t\t\t\t<li><div  class=\"fusion-image-wrapper fusion-image-size-fixed\" aria-haspopup=\"true\">\n\t\t\t\t\t\t\t<a href=\"https:\/\/mermersa.com\/en\/thin-marble-lightweight-and-weak-choice-for-modern-spaces\/\" aria-label=\"Fine Marble: A Light and Stylish Choice for Modern Spaces\">\n\t\t\t\t\t\t\t<img decoding=\"async\" width=\"320\" height=\"202\" src=\"https:\/\/mermersa.com\/wp-content\/uploads\/2025\/04\/marblethin-ornek-800x1108-1-320x202.webp\" class=\"attachment-blog-medium size-blog-medium lazyload wp-post-image\" alt=\"marblethin ince mermer tv panosu\" srcset=\"data:image\/svg+xml,%3Csvg%20xmlns%3D%27http%3A%2F%2Fwww.w3.org%2F2000%2Fsvg%27%20width%3D%27800%27%20height%3D%271108%27%20viewBox%3D%270%200%20800%201108%27%3E%3Crect%20width%3D%27800%27%20height%3D%271108%27%20fill-opacity%3D%220%22%2F%3E%3C%2Fsvg%3E\" data-orig-src=\"https:\/\/mermersa.com\/wp-content\/uploads\/2025\/04\/marblethin-ornek-800x1108-1-320x202.webp\" data-srcset=\"https:\/\/mermersa.com\/wp-content\/uploads\/2025\/04\/marblethin-ornek-800x1108-1-320x202.webp 320w, https:\/\/mermersa.com\/wp-content\/uploads\/2025\/04\/marblethin-ornek-800x1108-1-700x441.webp 700w\" data-sizes=\"auto\" title=\"\" data-orig->\t\t\t<\/a>\n\t\t\t\t\t\t\t<\/div>\n<\/li>\n\t\t\t\n\t\t\t\n\t\t\t\t\t\t\t\t\t\t\t\t\t\t\t\t\t\t\t\t\t\t\t\t\t\t\t\t\t\t\t\t\t\t\t\t\t\t\t\t\t\t\t\t\t\t\t\t\t\t\t\t\t\t\t\t\t\t\t\t\t\t\t\t\t\t\t\t<\/ul>\n\t<\/div>\n\t<div class=\"fusion-post-content post-content\"><h2 class=\"blog-shortcode-post-title entry-title\"><a href=\"https:\/\/mermersa.com\/en\/thin-marble-lightweight-and-weak-choice-for-modern-spaces\/\">Fine Marble: A Light and Stylish Choice for Modern Spaces<\/a><\/h2><div class=\"fusion-post-content-container\"><p>In today\u2019s living spaces, the pursuit of a minimalist and modern look stands out more than ever. Large and heavy structures are being replaced by lighter, more fluid designs. This shift is not only evident[...]<\/p><\/div><\/div><div class=\"fusion-clearfix\"><\/div><div class=\"fusion-meta-info\"><div class=\"fusion-alignleft\">By <span class=\"vcard\"><span class=\"fn\"><a href=\"https:\/\/mermersa.com\/en\/author\/madmin\/\" title=\"Posts by Mermersa Mermer\" rel=\"author\">Mermersa Mermer<\/a><\/span><\/span><span class=\"fusion-inline-sep\">|<\/span><span class=\"updated\" style=\"display:none;\">2025-06-02T10:22:49+03:00<\/span><span>27 April 2025<\/span><span class=\"fusion-inline-sep\">|<\/span>Categories: Uncategorized<span class=\"fusion-inline-sep\">|<\/span><\/div><div class=\"fusion-alignright\"><a class=\"fusion-read-more\" href=\"https:\/\/mermersa.com\/en\/thin-marble-lightweight-and-weak-choice-for-modern-spaces\/\" aria-label=\"More on Fine Marble: A Light and Stylish Choice for Modern Spaces\">Read More<\/a><\/div><\/div><\/article>\n<article id=\"blog-1-post-13894\" class=\"fusion-post-medium post-13894 post type-post status-publish format-standard has-post-thumbnail hentry\">\n\t<style type=\"text\/css\">\n\t\t\n\t\t\n\t\t\n\t\t\n\t\t\t<\/style>\n\n\n\t\t\t<div class=\"fusion-flexslider flexslider fusion-flexslider-loading fusion-post-slideshow\" style=\"\">\n\t\t<ul class=\"slides\">\n\t\t\t\n\t\t\t\t\t\t\t\t\t\t\t\t\t\t<li><div  class=\"fusion-image-wrapper fusion-image-size-fixed\" aria-haspopup=\"true\">\n\t\t\t\t\t\t\t<a href=\"https:\/\/mermersa.com\/en\/marble-floor-slab-decoration-permanent-effect\/\" aria-label=\"Marble Flooring: Lasting Effect in Decoration\">\n\t\t\t\t\t\t\t<img decoding=\"async\" width=\"320\" height=\"202\" src=\"https:\/\/mermersa.com\/wp-content\/uploads\/2025\/04\/bordur-6-320x202.jpg\" class=\"attachment-blog-medium size-blog-medium lazyload wp-post-image\" alt=\"Geni\u015f holde yuvarlak masa \u00e7evresinde \u00e7ift bord\u00fcrl\u00fc mermer zemin\" srcset=\"data:image\/svg+xml,%3Csvg%20xmlns%3D%27http%3A%2F%2Fwww.w3.org%2F2000%2Fsvg%27%20width%3D%27736%27%20height%3D%27920%27%20viewBox%3D%270%200%20736%20920%27%3E%3Crect%20width%3D%27736%27%20height%3D%27920%27%20fill-opacity%3D%220%22%2F%3E%3C%2Fsvg%3E\" data-orig-src=\"https:\/\/mermersa.com\/wp-content\/uploads\/2025\/04\/bordur-6-320x202.jpg\" data-srcset=\"https:\/\/mermersa.com\/wp-content\/uploads\/2025\/04\/bordur-6-320x202.jpg 320w, https:\/\/mermersa.com\/wp-content\/uploads\/2025\/04\/bordur-6-700x441.jpg 700w\" data-sizes=\"auto\" title=\"\" data-orig->\t\t\t<\/a>\n\t\t\t\t\t\t\t<\/div>\n<\/li>\n\t\t\t\n\t\t\t\n\t\t\t\t\t\t\t\t\t\t\t\t\t\t\t\t\t\t\t\t\t\t\t\t\t\t\t\t\t\t\t\t\t\t\t\t\t\t\t\t\t\t\t\t\t\t\t\t\t\t\t\t\t\t\t\t\t\t\t\t\t\t\t\t\t\t\t\t<\/ul>\n\t<\/div>\n\t<div class=\"fusion-post-content post-content\"><h2 class=\"blog-shortcode-post-title entry-title\"><a href=\"https:\/\/mermersa.com\/en\/marble-floor-slab-decoration-permanent-effect\/\">Marble Flooring: Lasting Effect in Decoration<\/a><\/h2><div class=\"fusion-post-content-container\"><p> The Floor: The Foundation of a Space The floor is one of the most fundamental elements that shape the first impression of a space. Especially in large and open areas, it becomes the backbone[...]<\/p><\/div><\/div><div class=\"fusion-clearfix\"><\/div><div class=\"fusion-meta-info\"><div class=\"fusion-alignleft\">By <span class=\"vcard\"><span class=\"fn\"><a href=\"https:\/\/mermersa.com\/en\/author\/madmin\/\" title=\"Posts by Mermersa Mermer\" rel=\"author\">Mermersa Mermer<\/a><\/span><\/span><span class=\"fusion-inline-sep\">|<\/span><span class=\"updated\" style=\"display:none;\">2025-06-02T10:29:33+03:00<\/span><span>22 April 2025<\/span><span class=\"fusion-inline-sep\">|<\/span>Categories: Uncategorized<span class=\"fusion-inline-sep\">|<\/span><\/div><div class=\"fusion-alignright\"><a class=\"fusion-read-more\" href=\"https:\/\/mermersa.com\/en\/marble-floor-slab-decoration-permanent-effect\/\" aria-label=\"More on Marble Flooring: Lasting Effect in Decoration\">Read More<\/a><\/div><\/div><\/article>\n<article id=\"blog-1-post-13897\" class=\"fusion-post-medium post-13897 post type-post status-publish format-standard has-post-thumbnail hentry\">\n\t<style type=\"text\/css\">\n\t\t\n\t\t\n\t\t\n\t\t\n\t\t\t<\/style>\n\n\n\t\t\t<div class=\"fusion-flexslider flexslider fusion-flexslider-loading fusion-post-slideshow\" style=\"\">\n\t\t<ul class=\"slides\">\n\t\t\t\n\t\t\t\t\t\t\t\t\t\t\t\t\t\t<li><div  class=\"fusion-image-wrapper fusion-image-size-fixed\" aria-haspopup=\"true\">\n\t\t\t\t\t\t\t<a href=\"https:\/\/mermersa.com\/en\/marble-in-modern-villa-decoration-natural-and-glamorous-spaces\/\" aria-label=\"Marble in Modern Villa Decoration: Natural and Glamorous Spaces\">\n\t\t\t\t\t\t\t<img decoding=\"async\" width=\"320\" height=\"202\" src=\"https:\/\/mermersa.com\/wp-content\/uploads\/2025\/03\/barbeku-320x202.jpg\" class=\"attachment-blog-medium size-blog-medium lazyload wp-post-image\" alt=\"A\u00e7\u0131k hava mutfa\u011f\u0131 ve barbek\u00fc alan\u0131, modern mermer detaylar ve s\u0131cak ayd\u0131nlatma\" srcset=\"data:image\/svg+xml,%3Csvg%20xmlns%3D%27http%3A%2F%2Fwww.w3.org%2F2000%2Fsvg%27%20width%3D%27736%27%20height%3D%27742%27%20viewBox%3D%270%200%20736%20742%27%3E%3Crect%20width%3D%27736%27%20height%3D%27742%27%20fill-opacity%3D%220%22%2F%3E%3C%2Fsvg%3E\" data-orig-src=\"https:\/\/mermersa.com\/wp-content\/uploads\/2025\/03\/barbeku-320x202.jpg\" data-srcset=\"https:\/\/mermersa.com\/wp-content\/uploads\/2025\/03\/barbeku-320x202.jpg 320w, https:\/\/mermersa.com\/wp-content\/uploads\/2025\/03\/barbeku-700x441.jpg 700w\" data-sizes=\"auto\" title=\"\" data-orig->\t\t\t<\/a>\n\t\t\t\t\t\t\t<\/div>\n<\/li>\n\t\t\t\n\t\t\t\n\t\t\t\t\t\t\t\t\t\t\t\t\t\t\t\t\t\t\t\t\t\t\t\t\t\t\t\t\t\t\t\t\t\t\t\t\t\t\t\t\t\t\t\t\t\t\t\t\t\t\t\t\t\t\t\t\t\t\t\t\t\t\t\t\t\t\t\t<\/ul>\n\t<\/div>\n\t<div class=\"fusion-post-content post-content\"><h2 class=\"blog-shortcode-post-title entry-title\"><a href=\"https:\/\/mermersa.com\/en\/marble-in-modern-villa-decoration-natural-and-glamorous-spaces\/\">Marble in Modern Villa Decoration: Natural and Glamorous Spaces<\/a><\/h2><div class=\"fusion-post-content-container\"><p> Marble in Modern Villas: Where Elegance Meets Architecture Expansive glass fa\u00e7ades, high ceilings, and airy interiors\u2014modern villas are more than just luxurious homes; they\u2019re architectural statements of prestige and elegance. In such spaces, every[...]<\/p><\/div><\/div><div class=\"fusion-clearfix\"><\/div><div class=\"fusion-meta-info\"><div class=\"fusion-alignleft\">By <span class=\"vcard\"><span class=\"fn\"><a href=\"https:\/\/mermersa.com\/en\/author\/madmin\/\" title=\"Posts by Mermersa Mermer\" rel=\"author\">Mermersa Mermer<\/a><\/span><\/span><span class=\"fusion-inline-sep\">|<\/span><span class=\"updated\" style=\"display:none;\">2025-06-02T10:35:40+03:00<\/span><span>17 March 2025<\/span><span class=\"fusion-inline-sep\">|<\/span>Categories: Uncategorized<span class=\"fusion-inline-sep\">|<\/span><\/div><div class=\"fusion-alignright\"><a class=\"fusion-read-more\" href=\"https:\/\/mermersa.com\/en\/marble-in-modern-villa-decoration-natural-and-glamorous-spaces\/\" aria-label=\"More on Marble in Modern Villa Decoration: Natural and Glamorous Spaces\">Read More<\/a><\/div><\/div><\/article>\n<article id=\"blog-1-post-13927\" class=\"fusion-post-medium post-13927 post type-post status-publish format-standard has-post-thumbnail hentry\">\n\t<style type=\"text\/css\">\n\t\t\n\t\t\n\t\t\n\t\t\n\t\t\t<\/style>\n\n\n\t\t\t<div class=\"fusion-flexslider flexslider fusion-flexslider-loading fusion-post-slideshow\" style=\"\">\n\t\t<ul class=\"slides\">\n\t\t\t\n\t\t\t\t\t\t\t\t\t\t\t\t\t\t<li><div  class=\"fusion-image-wrapper fusion-image-size-fixed\" aria-haspopup=\"true\">\n\t\t\t\t\t\t\t<a href=\"https:\/\/mermersa.com\/en\/modern-and-stylish-spaces-with-marble-wall-cladding\/\" aria-label=\"Modern and Stylish Spaces with Marble Wall Cladding\">\n\t\t\t\t\t\t\t<img decoding=\"async\" width=\"320\" height=\"202\" src=\"https:\/\/mermersa.com\/wp-content\/uploads\/2025\/03\/somine-mermer-kaplama-320x202.webp\" class=\"attachment-blog-medium size-blog-medium lazyload wp-post-image\" alt=\"desenli mermer \u015f\u00f6mine kaplamas\u0131\" srcset=\"data:image\/svg+xml,%3Csvg%20xmlns%3D%27http%3A%2F%2Fwww.w3.org%2F2000%2Fsvg%27%20width%3D%272000%27%20height%3D%272000%27%20viewBox%3D%270%200%202000%202000%27%3E%3Crect%20width%3D%272000%27%20height%3D%272000%27%20fill-opacity%3D%220%22%2F%3E%3C%2Fsvg%3E\" data-orig-src=\"https:\/\/mermersa.com\/wp-content\/uploads\/2025\/03\/somine-mermer-kaplama-320x202.webp\" data-srcset=\"https:\/\/mermersa.com\/wp-content\/uploads\/2025\/03\/somine-mermer-kaplama-320x202.webp 320w, https:\/\/mermersa.com\/wp-content\/uploads\/2025\/03\/somine-mermer-kaplama-700x441.webp 700w\" data-sizes=\"auto\" title=\"\" data-orig->\t\t\t<\/a>\n\t\t\t\t\t\t\t<\/div>\n<\/li>\n\t\t\t\n\t\t\t\n\t\t\t\t\t\t\t\t\t\t\t\t\t\t\t\t\t\t\t\t\t\t\t\t\t\t\t\t\t\t\t\t\t\t\t\t\t\t\t\t\t\t\t\t\t\t\t\t\t\t\t\t\t\t\t\t\t\t\t\t\t\t\t\t\t\t\t\t<\/ul>\n\t<\/div>\n\t<div class=\"fusion-post-content post-content\"><h2 class=\"blog-shortcode-post-title entry-title\"><a href=\"https:\/\/mermersa.com\/en\/modern-and-stylish-spaces-with-marble-wall-cladding\/\">Modern and Stylish Spaces with Marble Wall Cladding<\/a><\/h2><div class=\"fusion-post-content-container\"><p>Marble wall cladding and panels are one of the easiest ways to add a striking touch to any space. With their unique veining and color tones, every wall gains a one-of-a-kind appearance. And it\u2019s not[...]<\/p><\/div><\/div><div class=\"fusion-clearfix\"><\/div><div class=\"fusion-meta-info\"><div class=\"fusion-alignleft\">By <span class=\"vcard\"><span class=\"fn\"><a href=\"https:\/\/mermersa.com\/en\/author\/madmin\/\" title=\"Posts by Mermersa Mermer\" rel=\"author\">Mermersa Mermer<\/a><\/span><\/span><span class=\"fusion-inline-sep\">|<\/span><span class=\"updated\" style=\"display:none;\">2025-06-02T10:48:15+03:00<\/span><span>11 March 2025<\/span><span class=\"fusion-inline-sep\">|<\/span>Categories: Uncategorized<span class=\"fusion-inline-sep\">|<\/span><\/div><div class=\"fusion-alignright\"><a class=\"fusion-read-more\" href=\"https:\/\/mermersa.com\/en\/modern-and-stylish-spaces-with-marble-wall-cladding\/\" aria-label=\"More on Modern and Stylish Spaces with Marble Wall Cladding\">Read More<\/a><\/div><\/div><\/article>\n<\/div><div class=\"pagination clearfix\"><span class=\"current\">1<\/span><a href=\"https:\/\/mermersa.com\/en\/wp-json\/wp\/v2\/pages\/14778\/page\/2\/\" class=\"inactive\">2<\/a><a class=\"pagination-next\" rel=\"next\" href=\"https:\/\/mermersa.com\/en\/wp-json\/wp\/v2\/pages\/14778\/page\/2\/\"><span class=\"page-text\">Next<\/span><span class=\"page-next\"><\/span><\/a><\/div><div class=\"fusion-clearfix\"><\/div><\/div><div class=\"fusion-separator fusion-full-width-sep\" style=\"align-self: center;margin-left: auto;margin-right: auto;margin-top:20px;margin-bottom:20px;width:100%;\"><\/div><\/div><\/div><\/div><\/div>\n","protected":false},"excerpt":{"rendered":"","protected":false},"author":3,"featured_media":0,"parent":0,"menu_order":0,"comment_status":"closed","ping_status":"closed","template":"","meta":{"_joinchat":[],"footnotes":""},"class_list":["post-14778","page","type-page","status-publish","hentry"],"_links":{"self":[{"href":"https:\/\/mermersa.com\/en\/wp-json\/wp\/v2\/pages\/14778","targetHints":{"allow":["GET"]}}],"collection":[{"href":"https:\/\/mermersa.com\/en\/wp-json\/wp\/v2\/pages"}],"about":[{"href":"https:\/\/mermersa.com\/en\/wp-json\/wp\/v2\/types\/page"}],"author":[{"embeddable":true,"href":"https:\/\/mermersa.com\/en\/wp-json\/wp\/v2\/users\/3"}],"replies":[{"embeddable":true,"href":"https:\/\/mermersa.com\/en\/wp-json\/wp\/v2\/comments?post=14778"}],"version-history":[{"count":1,"href":"https:\/\/mermersa.com\/en\/wp-json\/wp\/v2\/pages\/14778\/revisions"}],"predecessor-version":[{"id":14779,"href":"https:\/\/mermersa.com\/en\/wp-json\/wp\/v2\/pages\/14778\/revisions\/14779"}],"wp:attachment":[{"href":"https:\/\/mermersa.com\/en\/wp-json\/wp\/v2\/media?parent=14778"}],"curies":[{"name":"wp","href":"https:\/\/api.w.org\/{rel}","templated":true}]}}